{"id":12,"date":"2024-03-12T17:57:26","date_gmt":"2024-03-12T16:57:26","guid":{"rendered":"https:\/\/filo.pruebaensilencio.es\/?page_id=12"},"modified":"2025-09-26T13:24:49","modified_gmt":"2025-09-26T11:24:49","slug":"estudio","status":"publish","type":"page","link":"https:\/\/filoarquitectos.com\/en\/estudio\/","title":{"rendered":"Estudio"},"content":{"rendered":"<div class=\"wpb-content-wrapper\"><div class=\"vc_row wpb_row vc_row-fluid\"><div class=\"wpb_column vc_column_container vc_col-sm-12\"><div class=\"vc_column-inner\"><div class=\"wpb_wrapper\">\n\t<div class=\"wpb_text_column wpb_content_element\" >\n\t\t<div class=\"wpb_wrapper\">\n\t\t\t<div class=\"coltit\">EQUIPO DESDE 2018:<\/div>\n<p>Jae Young Lim Hwang<\/p>\n<p>Sof\u00eda Arrizabalaga<\/p>\n<p>Maite Castillo<\/p>\n<p>Amaia Lasa<\/p>\n<p>Miren Garro<\/p>\n\n\t\t<\/div>\n\t<\/div>\n\n\t<div class=\"wpb_text_column wpb_content_element\" >\n\t\t<div class=\"wpb_wrapper\">\n\t\t\t<div class=\"coltit\">COLABORACIONES:<\/div>\n<p><a href=\"https:\/\/www.facebook.com\/p\/New-Ink-Estudio-100046754306772\/?locale=es_ES\" target=\"_blank\" rel=\"noopener\">NEW INK Estudio &gt;<\/a><br \/>\n<a href=\"https:\/\/www.nubbagroup.com\/\" target=\"_blank\" rel=\"noopener\">NUBBA GROUP inform\u00e1tica &gt;<\/a><br \/>\nMyriam Lander<br \/>\n<a href=\"https:\/\/www.agusti-ozcoidi.com\/\" target=\"_blank\" rel=\"noopener\">Josep Agust\u00ed &gt;<\/a><br \/>\n<a href=\"https:\/\/www.madurganavas.com\/\" target=\"_blank\" rel=\"noopener\">Madurga Navas &gt;<\/a><br \/>\n<a href=\"http:\/\/www.aousl.com\/\" target=\"_blank\" rel=\"noopener\">AOU SL &gt;<\/a><br \/>\n<a href=\"https:\/\/midestudio.com\/es\/\" target=\"_blank\" rel=\"noopener\">MID estudio &gt;<\/a><br \/>\n<a href=\"https:\/\/somosobjeto.com\/\" target=\"_blank\" rel=\"noopener\">Objeto Estudio &gt;<\/a><br \/>\n<a href=\"https:\/\/paymobiliario.es\/\" target=\"_blank\" rel=\"noopener\">Paymo Mobiliario &gt;<\/a><br \/>\n<a href=\"https:\/\/silencio.es\" target=\"_blank\" rel=\"noopener\">Silencio Estudio &gt;<\/a><\/p>\n\n\t\t<\/div>\n\t<\/div>\n\n\t<div class=\"wpb_text_column wpb_content_element\" >\n\t\t<div class=\"wpb_wrapper\">\n\t\t\t<div class=\"coltit\">ARQ. T\u00c9CNICOS:<\/div>\n<p><a href=\"https:\/\/aterpeaparejadores.com\/\" target=\"_blank\" rel=\"noopener\">ATERPE Aparejadores &gt;<\/a><br \/>\nMikel Ca\u00f1adas<br \/>\nDavid Miqueleiz<\/p>\n\n\t\t<\/div>\n\t<\/div>\n\n\t<div class=\"wpb_text_column wpb_content_element\" >\n\t\t<div class=\"wpb_wrapper\">\n\t\t\t<div class=\"coltit\">INSTALACIONES:<\/div>\n<p><a href=\"https:\/\/hobeki.es\/\" target=\"_blank\" rel=\"noopener\">HOBEKI Ingenier\u00eda &gt;<\/a><br \/>\n<a href=\"https:\/\/inarq.es\/\" target=\"_blank\" rel=\"noopener\">INARQ Ingenier\u00eda &gt;<\/a><br \/>\n<a href=\"https:\/\/www.onhaus.es\/\" target=\"_blank\" rel=\"noopener\">Onhaus Global System &gt;<\/a><br \/>\n<a href=\"https:\/\/laseriluminacion.com\/\" target=\"_blank\" rel=\"noopener\">Laser Iluminaci\u00f3n\u00a0&gt;<\/a><br \/>\n<a href=\"https:\/\/www.grupoelektra.es\/es\/soluciones\/iluminacion\" target=\"_blank\" rel=\"noopener\">Grupo Elektra \u2013 Iluminaci\u00f3n &gt;<\/a><\/p>\n\n\t\t<\/div>\n\t<\/div>\n\n\t<div class=\"wpb_text_column wpb_content_element\" >\n\t\t<div class=\"wpb_wrapper\">\n\t\t\t<div class=\"coltit\">ESTRUCTURAS:<\/div>\n<p><a href=\"https:\/\/agusti-ozcoidi.com\/\">Agust\u00ed &amp; Ozcoidi &gt;<\/a><\/p>\n<p><a href=\"https:\/\/www.madergia.com\/\">Madergia &gt;<\/a><\/p>\n\n\t\t<\/div>\n\t<\/div>\n\n\t<div class=\"wpb_text_column wpb_content_element\" >\n\t\t<div class=\"wpb_wrapper\">\n\t\t\t<div class=\"coltit\">PUBLICACIONES:<\/div>\n<p><a href=\"https:\/\/thisispatio.es\/\">This is patio &gt;<\/a><\/p>\n<p><a href=\"https:\/\/revistacota.cl\/\">Cota Chile &gt;<\/a><\/p>\n<p><a href=\"https:\/\/beatrevista.com\/09-2\/\">BEAT &gt;<\/a><\/p>\n\n\t\t<\/div>\n\t<\/div>\n<\/div><\/div><\/div><\/div>\n<\/div>","protected":false},"excerpt":{"rendered":"EQUIPO DESDE 2018: Jae Young Lim Hwang Sof\u00eda Arrizabalaga Maite Castillo Amaia Lasa Miren Garro COLABORACIONES: NEW INK Estudio &gt; NUBBA GROUP inform\u00e1tica &gt; Myriam Lander Josep Agust\u00ed &gt; Madurga Navas &gt; AOU SL &gt; MID estudio &gt; Objeto Estudio &gt; Paymo Mobiliario &gt; Silencio Estudio &gt; ARQ. T\u00c9CNICOS: ATERPE Aparejadores &gt; Mikel Ca\u00f1adas David [...]","protected":false},"author":1,"featured_media":0,"parent":0,"menu_order":0,"comment_status":"closed","ping_status":"closed","template":"","meta":{"footnotes":""},"class_list":["post-12","page","type-page","status-publish","hentry"],"yoast_head":"<!-- This site is optimized with the Yoast SEO plugin v25.8 - https:\/\/yoast.com\/wordpress\/plugins\/seo\/ -->\n<title>Estudio - FILO Arquitectos<\/title>\n<meta name=\"robots\" content=\"index, follow, max-snippet:-1, max-image-preview:large, max-video-preview:-1\" \/>\n<link rel=\"canonical\" href=\"https:\/\/filoarquitectos.com\/en\/estudio\/\" \/>\n<meta property=\"og:locale\" content=\"en_GB\" \/>\n<meta property=\"og:type\" content=\"article\" \/>\n<meta property=\"og:title\" content=\"Estudio - FILO Arquitectos\" \/>\n<meta property=\"og:url\" content=\"https:\/\/filoarquitectos.com\/en\/estudio\/\" \/>\n<meta property=\"og:site_name\" content=\"FILO Arquitectos\" \/>\n<meta property=\"article:modified_time\" content=\"2025-09-26T11:24:49+00:00\" \/>\n<meta name=\"twitter:card\" content=\"summary_large_image\" \/>\n<meta name=\"twitter:label1\" content=\"Estimated reading time\" \/>\n\t<meta name=\"twitter:data1\" content=\"1 minute\" \/>\n<script type=\"application\/ld+json\" class=\"yoast-schema-graph\">{\"@context\":\"https:\/\/schema.org\",\"@graph\":[{\"@type\":\"WebPage\",\"@id\":\"https:\/\/filoarquitectos.com\/estudio\/\",\"url\":\"https:\/\/filoarquitectos.com\/estudio\/\",\"name\":\"Estudio - FILO Arquitectos\",\"isPartOf\":{\"@id\":\"https:\/\/filoarquitectos.com\/#website\"},\"datePublished\":\"2024-03-12T16:57:26+00:00\",\"dateModified\":\"2025-09-26T11:24:49+00:00\",\"breadcrumb\":{\"@id\":\"https:\/\/filoarquitectos.com\/estudio\/#breadcrumb\"},\"inLanguage\":\"en-GB\",\"potentialAction\":[{\"@type\":\"ReadAction\",\"target\":[\"https:\/\/filoarquitectos.com\/estudio\/\"]}]},{\"@type\":\"BreadcrumbList\",\"@id\":\"https:\/\/filoarquitectos.com\/estudio\/#breadcrumb\",\"itemListElement\":[{\"@type\":\"ListItem\",\"position\":1,\"name\":\"Portada\",\"item\":\"https:\/\/filoarquitectos.com\/\"},{\"@type\":\"ListItem\",\"position\":2,\"name\":\"Estudio\"}]},{\"@type\":\"WebSite\",\"@id\":\"https:\/\/filoarquitectos.com\/#website\",\"url\":\"https:\/\/filoarquitectos.com\/\",\"name\":\"FILO Arquitectos\",\"description\":\"\",\"publisher\":{\"@id\":\"https:\/\/filoarquitectos.com\/#organization\"},\"potentialAction\":[{\"@type\":\"SearchAction\",\"target\":{\"@type\":\"EntryPoint\",\"urlTemplate\":\"https:\/\/filoarquitectos.com\/?s={search_term_string}\"},\"query-input\":{\"@type\":\"PropertyValueSpecification\",\"valueRequired\":true,\"valueName\":\"search_term_string\"}}],\"inLanguage\":\"en-GB\"},{\"@type\":\"Organization\",\"@id\":\"https:\/\/filoarquitectos.com\/#organization\",\"name\":\"FILO Arquitectos\",\"url\":\"https:\/\/filoarquitectos.com\/\",\"logo\":{\"@type\":\"ImageObject\",\"inLanguage\":\"en-GB\",\"@id\":\"https:\/\/filoarquitectos.com\/#\/schema\/logo\/image\/\",\"url\":\"https:\/\/filoarquitectos.com\/wp-content\/uploads\/2025\/09\/LOGOTIPO.png\",\"contentUrl\":\"https:\/\/filoarquitectos.com\/wp-content\/uploads\/2025\/09\/LOGOTIPO.png\",\"width\":812,\"height\":944,\"caption\":\"FILO Arquitectos\"},\"image\":{\"@id\":\"https:\/\/filoarquitectos.com\/#\/schema\/logo\/image\/\"},\"sameAs\":[\"https:\/\/www.instagram.com\/filoarquitectos\/\"]}]}<\/script>\n<!-- \/ Yoast SEO plugin. -->","yoast_head_json":{"title":"Estudio - FILO Arquitectos","robots":{"index":"index","follow":"follow","max-snippet":"max-snippet:-1","max-image-preview":"max-image-preview:large","max-video-preview":"max-video-preview:-1"},"canonical":"https:\/\/filoarquitectos.com\/en\/estudio\/","og_locale":"en_GB","og_type":"article","og_title":"Estudio - FILO Arquitectos","og_url":"https:\/\/filoarquitectos.com\/en\/estudio\/","og_site_name":"FILO Arquitectos","article_modified_time":"2025-09-26T11:24:49+00:00","twitter_card":"summary_large_image","twitter_misc":{"Estimated reading time":"1 minute"},"schema":{"@context":"https:\/\/schema.org","@graph":[{"@type":"WebPage","@id":"https:\/\/filoarquitectos.com\/estudio\/","url":"https:\/\/filoarquitectos.com\/estudio\/","name":"Estudio - FILO Arquitectos","isPartOf":{"@id":"https:\/\/filoarquitectos.com\/#website"},"datePublished":"2024-03-12T16:57:26+00:00","dateModified":"2025-09-26T11:24:49+00:00","breadcrumb":{"@id":"https:\/\/filoarquitectos.com\/estudio\/#breadcrumb"},"inLanguage":"en-GB","potentialAction":[{"@type":"ReadAction","target":["https:\/\/filoarquitectos.com\/estudio\/"]}]},{"@type":"BreadcrumbList","@id":"https:\/\/filoarquitectos.com\/estudio\/#breadcrumb","itemListElement":[{"@type":"ListItem","position":1,"name":"Portada","item":"https:\/\/filoarquitectos.com\/"},{"@type":"ListItem","position":2,"name":"Estudio"}]},{"@type":"WebSite","@id":"https:\/\/filoarquitectos.com\/#website","url":"https:\/\/filoarquitectos.com\/","name":"FILO Arquitectos","description":"","publisher":{"@id":"https:\/\/filoarquitectos.com\/#organization"},"potentialAction":[{"@type":"SearchAction","target":{"@type":"EntryPoint","urlTemplate":"https:\/\/filoarquitectos.com\/?s={search_term_string}"},"query-input":{"@type":"PropertyValueSpecification","valueRequired":true,"valueName":"search_term_string"}}],"inLanguage":"en-GB"},{"@type":"Organization","@id":"https:\/\/filoarquitectos.com\/#organization","name":"FILO Arquitectos","url":"https:\/\/filoarquitectos.com\/","logo":{"@type":"ImageObject","inLanguage":"en-GB","@id":"https:\/\/filoarquitectos.com\/#\/schema\/logo\/image\/","url":"https:\/\/filoarquitectos.com\/wp-content\/uploads\/2025\/09\/LOGOTIPO.png","contentUrl":"https:\/\/filoarquitectos.com\/wp-content\/uploads\/2025\/09\/LOGOTIPO.png","width":812,"height":944,"caption":"FILO Arquitectos"},"image":{"@id":"https:\/\/filoarquitectos.com\/#\/schema\/logo\/image\/"},"sameAs":["https:\/\/www.instagram.com\/filoarquitectos\/"]}]}},"_links":{"self":[{"href":"https:\/\/filoarquitectos.com\/en\/wp-json\/wp\/v2\/pages\/12","targetHints":{"allow":["GET"]}}],"collection":[{"href":"https:\/\/filoarquitectos.com\/en\/wp-json\/wp\/v2\/pages"}],"about":[{"href":"https:\/\/filoarquitectos.com\/en\/wp-json\/wp\/v2\/types\/page"}],"author":[{"embeddable":true,"href":"https:\/\/filoarquitectos.com\/en\/wp-json\/wp\/v2\/users\/1"}],"replies":[{"embeddable":true,"href":"https:\/\/filoarquitectos.com\/en\/wp-json\/wp\/v2\/comments?post=12"}],"version-history":[{"count":16,"href":"https:\/\/filoarquitectos.com\/en\/wp-json\/wp\/v2\/pages\/12\/revisions"}],"predecessor-version":[{"id":637,"href":"https:\/\/filoarquitectos.com\/en\/wp-json\/wp\/v2\/pages\/12\/revisions\/637"}],"wp:attachment":[{"href":"https:\/\/filoarquitectos.com\/en\/wp-json\/wp\/v2\/media?parent=12"}],"curies":[{"name":"wp","href":"https:\/\/api.w.org\/{rel}","templated":true}]}}