{"id":7,"date":"2024-03-05T12:29:04","date_gmt":"2024-03-05T11:29:04","guid":{"rendered":"https:\/\/filo.pruebaensilencio.es\/?page_id=7"},"modified":"2025-09-02T10:49:36","modified_gmt":"2025-09-02T08:49:36","slug":"home","status":"publish","type":"page","link":"https:\/\/filoarquitectos.com\/en\/","title":{"rendered":"Home"},"content":{"rendered":"","protected":false},"excerpt":{"rendered":"","protected":false},"author":1,"featured_media":0,"parent":0,"menu_order":0,"comment_status":"closed","ping_status":"closed","template":"","meta":{"footnotes":""},"class_list":["post-7","page","type-page","status-publish","hentry"],"yoast_head":"<!-- This site is optimized with the Yoast SEO plugin v25.8 - https:\/\/yoast.com\/wordpress\/plugins\/seo\/ -->\n<title>FILO Arquitectos - Estudio joven de arquitectura Pamplona - Bilbao<\/title>\n<meta name=\"description\" content=\"Equipo de arquitectos joven, din\u00e1mico. Trabajando para un mundo mejor a trav\u00e9s de arquitectura \u00edntegra y concienciada con el medio ambiente.\" \/>\n<meta name=\"robots\" content=\"index, follow, max-snippet:-1, max-image-preview:large, max-video-preview:-1\" \/>\n<link rel=\"canonical\" href=\"https:\/\/filoarquitectos.com\/en\/\" \/>\n<meta property=\"og:locale\" content=\"en_GB\" \/>\n<meta property=\"og:type\" content=\"article\" \/>\n<meta property=\"og:title\" content=\"FILO Arquitectos - Estudio joven de arquitectura Pamplona - Bilbao\" \/>\n<meta property=\"og:description\" content=\"Equipo de arquitectos joven, din\u00e1mico. Trabajando para un mundo mejor a trav\u00e9s de arquitectura \u00edntegra y concienciada con el medio ambiente.\" \/>\n<meta property=\"og:url\" content=\"https:\/\/filoarquitectos.com\/en\/\" \/>\n<meta property=\"og:site_name\" content=\"FILO Arquitectos\" \/>\n<meta property=\"article:modified_time\" content=\"2025-09-02T08:49:36+00:00\" \/>\n<meta name=\"twitter:card\" content=\"summary_large_image\" \/>\n<script type=\"application\/ld+json\" class=\"yoast-schema-graph\">{\"@context\":\"https:\/\/schema.org\",\"@graph\":[{\"@type\":\"WebPage\",\"@id\":\"https:\/\/filoarquitectos.com\/\",\"url\":\"https:\/\/filoarquitectos.com\/\",\"name\":\"FILO Arquitectos - Estudio joven de arquitectura Pamplona - Bilbao\",\"isPartOf\":{\"@id\":\"https:\/\/filoarquitectos.com\/#website\"},\"datePublished\":\"2024-03-05T11:29:04+00:00\",\"dateModified\":\"2025-09-02T08:49:36+00:00\",\"description\":\"Equipo de arquitectos joven, din\u00e1mico. Trabajando para un mundo mejor a trav\u00e9s de arquitectura \u00edntegra y concienciada con el medio ambiente.\",\"breadcrumb\":{\"@id\":\"https:\/\/filoarquitectos.com\/#breadcrumb\"},\"inLanguage\":\"en-GB\",\"potentialAction\":[{\"@type\":\"ReadAction\",\"target\":[\"https:\/\/filoarquitectos.com\/\"]}]},{\"@type\":\"BreadcrumbList\",\"@id\":\"https:\/\/filoarquitectos.com\/#breadcrumb\",\"itemListElement\":[{\"@type\":\"ListItem\",\"position\":1,\"name\":\"Portada\",\"item\":\"https:\/\/filoarquitectos.com\/\"},{\"@type\":\"ListItem\",\"position\":2,\"name\":\"Home\"}]},{\"@type\":\"WebSite\",\"@id\":\"https:\/\/filoarquitectos.com\/#website\",\"url\":\"https:\/\/filoarquitectos.com\/\",\"name\":\"FILO Arquitectos\",\"description\":\"\",\"publisher\":{\"@id\":\"https:\/\/filoarquitectos.com\/#organization\"},\"potentialAction\":[{\"@type\":\"SearchAction\",\"target\":{\"@type\":\"EntryPoint\",\"urlTemplate\":\"https:\/\/filoarquitectos.com\/?s={search_term_string}\"},\"query-input\":{\"@type\":\"PropertyValueSpecification\",\"valueRequired\":true,\"valueName\":\"search_term_string\"}}],\"inLanguage\":\"en-GB\"},{\"@type\":\"Organization\",\"@id\":\"https:\/\/filoarquitectos.com\/#organization\",\"name\":\"FILO Arquitectos\",\"url\":\"https:\/\/filoarquitectos.com\/\",\"logo\":{\"@type\":\"ImageObject\",\"inLanguage\":\"en-GB\",\"@id\":\"https:\/\/filoarquitectos.com\/#\/schema\/logo\/image\/\",\"url\":\"https:\/\/filoarquitectos.com\/wp-content\/uploads\/2025\/09\/LOGOTIPO.png\",\"contentUrl\":\"https:\/\/filoarquitectos.com\/wp-content\/uploads\/2025\/09\/LOGOTIPO.png\",\"width\":812,\"height\":944,\"caption\":\"FILO Arquitectos\"},\"image\":{\"@id\":\"https:\/\/filoarquitectos.com\/#\/schema\/logo\/image\/\"},\"sameAs\":[\"https:\/\/www.instagram.com\/filoarquitectos\/\"]}]}<\/script>\n<!-- \/ Yoast SEO plugin. -->","yoast_head_json":{"title":"FILO Arquitectos - Estudio joven de arquitectura Pamplona - Bilbao","description":"Equipo de arquitectos joven, din\u00e1mico. Trabajando para un mundo mejor a trav\u00e9s de arquitectura \u00edntegra y concienciada con el medio ambiente.","robots":{"index":"index","follow":"follow","max-snippet":"max-snippet:-1","max-image-preview":"max-image-preview:large","max-video-preview":"max-video-preview:-1"},"canonical":"https:\/\/filoarquitectos.com\/en\/","og_locale":"en_GB","og_type":"article","og_title":"FILO Arquitectos - Estudio joven de arquitectura Pamplona - Bilbao","og_description":"Equipo de arquitectos joven, din\u00e1mico. Trabajando para un mundo mejor a trav\u00e9s de arquitectura \u00edntegra y concienciada con el medio ambiente.","og_url":"https:\/\/filoarquitectos.com\/en\/","og_site_name":"FILO Arquitectos","article_modified_time":"2025-09-02T08:49:36+00:00","twitter_card":"summary_large_image","schema":{"@context":"https:\/\/schema.org","@graph":[{"@type":"WebPage","@id":"https:\/\/filoarquitectos.com\/","url":"https:\/\/filoarquitectos.com\/","name":"FILO Arquitectos - Estudio joven de arquitectura Pamplona - Bilbao","isPartOf":{"@id":"https:\/\/filoarquitectos.com\/#website"},"datePublished":"2024-03-05T11:29:04+00:00","dateModified":"2025-09-02T08:49:36+00:00","description":"Equipo de arquitectos joven, din\u00e1mico. Trabajando para un mundo mejor a trav\u00e9s de arquitectura \u00edntegra y concienciada con el medio ambiente.","breadcrumb":{"@id":"https:\/\/filoarquitectos.com\/#breadcrumb"},"inLanguage":"en-GB","potentialAction":[{"@type":"ReadAction","target":["https:\/\/filoarquitectos.com\/"]}]},{"@type":"BreadcrumbList","@id":"https:\/\/filoarquitectos.com\/#breadcrumb","itemListElement":[{"@type":"ListItem","position":1,"name":"Portada","item":"https:\/\/filoarquitectos.com\/"},{"@type":"ListItem","position":2,"name":"Home"}]},{"@type":"WebSite","@id":"https:\/\/filoarquitectos.com\/#website","url":"https:\/\/filoarquitectos.com\/","name":"FILO Arquitectos","description":"","publisher":{"@id":"https:\/\/filoarquitectos.com\/#organization"},"potentialAction":[{"@type":"SearchAction","target":{"@type":"EntryPoint","urlTemplate":"https:\/\/filoarquitectos.com\/?s={search_term_string}"},"query-input":{"@type":"PropertyValueSpecification","valueRequired":true,"valueName":"search_term_string"}}],"inLanguage":"en-GB"},{"@type":"Organization","@id":"https:\/\/filoarquitectos.com\/#organization","name":"FILO Arquitectos","url":"https:\/\/filoarquitectos.com\/","logo":{"@type":"ImageObject","inLanguage":"en-GB","@id":"https:\/\/filoarquitectos.com\/#\/schema\/logo\/image\/","url":"https:\/\/filoarquitectos.com\/wp-content\/uploads\/2025\/09\/LOGOTIPO.png","contentUrl":"https:\/\/filoarquitectos.com\/wp-content\/uploads\/2025\/09\/LOGOTIPO.png","width":812,"height":944,"caption":"FILO Arquitectos"},"image":{"@id":"https:\/\/filoarquitectos.com\/#\/schema\/logo\/image\/"},"sameAs":["https:\/\/www.instagram.com\/filoarquitectos\/"]}]}},"_links":{"self":[{"href":"https:\/\/filoarquitectos.com\/en\/wp-json\/wp\/v2\/pages\/7","targetHints":{"allow":["GET"]}}],"collection":[{"href":"https:\/\/filoarquitectos.com\/en\/wp-json\/wp\/v2\/pages"}],"about":[{"href":"https:\/\/filoarquitectos.com\/en\/wp-json\/wp\/v2\/types\/page"}],"author":[{"embeddable":true,"href":"https:\/\/filoarquitectos.com\/en\/wp-json\/wp\/v2\/users\/1"}],"replies":[{"embeddable":true,"href":"https:\/\/filoarquitectos.com\/en\/wp-json\/wp\/v2\/comments?post=7"}],"version-history":[{"count":1,"href":"https:\/\/filoarquitectos.com\/en\/wp-json\/wp\/v2\/pages\/7\/revisions"}],"predecessor-version":[{"id":8,"href":"https:\/\/filoarquitectos.com\/en\/wp-json\/wp\/v2\/pages\/7\/revisions\/8"}],"wp:attachment":[{"href":"https:\/\/filoarquitectos.com\/en\/wp-json\/wp\/v2\/media?parent=7"}],"curies":[{"name":"wp","href":"https:\/\/api.w.org\/{rel}","templated":true}]}}